{"id":2,"date":"2023-11-21T15:28:35","date_gmt":"2023-11-21T14:28:35","guid":{"rendered":"https:\/\/laiblova.pdstudios.cz\/?page_id=2"},"modified":"2023-11-24T10:09:01","modified_gmt":"2023-11-24T09:09:01","slug":"uvod","status":"publish","type":"page","link":"https:\/\/laiblova.pdstudios.cz\/en\/","title":{"rendered":"\u00davod"},"content":{"rendered":"<div data-elementor-type=\"wp-page\" data-elementor-id=\"2\" class=\"elementor elementor-2\">\n\t\t\t\t\t\t\t<div class=\"elementor-element elementor-element-21cf19c e-flex e-con-boxed wpr-sticky-section-no e-con e-parent\" data-id=\"21cf19c\" data-element_type=\"container\" data-settings=\"{&quot;container_type&quot;:&quot;flex&quot;,&quot;content_width&quot;:&quot;boxed&quot;}\" data-core-v316-plus=\"true\">\n\t\t\t\t\t<div class=\"e-con-inner\">\n\t\t\t\t<div class=\"elementor-element elementor-element-31a27c5 elementor-widget elementor-widget-text-editor\" data-id=\"31a27c5\" data-element_type=\"widget\" data-widget_type=\"text-editor.default\">\n\t\t\t\t<div class=\"elementor-widget-container\">\n\t\t\t<style>\/*! elementor - v3.17.0 - 08-11-2023 *\/\n.elementor-widget-text-editor.elementor-drop-cap-view-stacked .elementor-drop-cap{background-color:#69727d;color:#fff}.elementor-widget-text-editor.elementor-drop-cap-view-framed .elementor-drop-cap{color:#69727d;border:3px solid;background-color:transparent}.elementor-widget-text-editor:not(.elementor-drop-cap-view-default) .elementor-drop-cap{margin-top:8px}.elementor-widget-text-editor:not(.elementor-drop-cap-view-default) .elementor-drop-cap-letter{width:1em;height:1em}.elementor-widget-text-editor .elementor-drop-cap{float:left;text-align:center;line-height:1;font-size:50px}.elementor-widget-text-editor .elementor-drop-cap-letter{display:inline-block}<\/style>\t\t\t\t<p><em>V\u00edtejte!<\/em><\/p>\n<p>Jsem Izabela, a m\u00e9 v\u00e1\u0161niv\u00e9 spojen\u00ed s jazyky m\u011b zavedlo do sv\u011bta p\u0159eklad\u016f. S hlubok\u00fdm porozum\u011bn\u00edm \u010de\u0161tiny a pol\u0161tiny se sna\u017e\u00edm propojit komunikaci mezi t\u011bmito kr\u00e1sn\u00fdmi jazyky. S dlouholetou zku\u0161enost\u00ed a preciznost\u00ed se v\u011bnuji p\u0159eklad\u016fm v oblastech, kter\u00e9 v\u00e1m mohou pomoci dos\u00e1hnout va\u0161ich c\u00edl\u016f.<\/p>\n<p><em>Pro\u010d vybrat m\u00e9 slu\u017eby?<\/em><\/p>\n<p>Sna\u017e\u00edm se nejen p\u0159ev\u00e9st slova, ale zachytit podtext a jemnosti ka\u017ed\u00e9ho textu. M\u00fdm c\u00edlem je poskytnout nejen p\u0159esn\u00fd p\u0159eklad, ale tak\u00e9 zachovat jeho p\u016fvodn\u00ed smysl a emocion\u00e1ln\u00ed kontext. M\u00e9 zku\u0161enosti v oblastech jako l\u00e9ka\u0159stv\u00ed, pr\u00e1vo \u010di marketing mi umo\u017e\u0148uj\u00ed p\u0159istupovat k text\u016fm z r\u016fzn\u00fdch perspektiv a poskytnout v\u00e1m profesion\u00e1ln\u00ed a kvalitn\u00ed slu\u017eby.<\/p>\n<p><em>Jak mohu pomoci v\u00e1m?<\/em><\/p>\n<p>Nab\u00edz\u00edm \u0161irokou \u0161k\u00e1lu p\u0159ekladatelsk\u00fdch slu\u017eeb od dokument\u016f a\u017e po webov\u00e9 str\u00e1nky, v\u017edy s d\u016frazem na kvalitu a p\u0159esnost. Va\u0161e d\u016fv\u011bra je pro m\u011b kl\u00ed\u010dov\u00e1 a v\u017edy se sna\u017e\u00edm p\u0159ekro\u010dit va\u0161e o\u010dek\u00e1v\u00e1n\u00ed.<\/p>\n<p><em>M\u011bjte na pam\u011bti, \u017ee ka\u017ed\u00e9 slovo m\u00e1 moc p\u0159eklenout meze a propojit kultury.<\/em><\/p>\n<p>Pokud hled\u00e1te spolehliv\u00e9ho partnera pro p\u0159eklady mezi \u010de\u0161tinou a pol\u0161tinou, jsem tu pro v\u00e1s. Spole\u010dn\u011b m\u016f\u017eeme p\u0159eklenout jazykov\u00e9 bari\u00e9ry a propojit va\u0161e my\u0161lenky s cel\u00fdm sv\u011btem.<\/p>\t\t\t\t\t\t<\/div>\n\t\t\t\t<\/div>\n\t\t\t\t\t<\/div>\n\t\t\t\t<\/div>\n\t\t\t\t\t\t\t<\/div>","protected":false},"excerpt":{"rendered":"<p>V\u00edtejte! Jsem Izabela, a m\u00e9 v\u00e1\u0161niv\u00e9 spojen\u00ed s jazyky m\u011b zavedlo do sv\u011bta p\u0159eklad\u016f. S hlubok\u00fdm porozum\u011bn\u00edm \u010de\u0161tiny a pol\u0161tiny se sna\u017e\u00edm propojit komunikaci mezi t\u011bmito kr\u00e1sn\u00fdmi jazyky. S dlouholetou zku\u0161enost\u00ed a preciznost\u00ed se v\u011bnuji p\u0159eklad\u016fm v oblastech, kter\u00e9 v\u00e1m mohou pomoci dos\u00e1hnout va\u0161ich c\u00edl\u016f. Pro\u010d vybrat m\u00e9 slu\u017eby? Sna\u017e\u00edm se nejen p\u0159ev\u00e9st slova, ale [&hellip;]<\/p>","protected":false},"author":1,"featured_media":0,"parent":0,"menu_order":0,"comment_status":"closed","ping_status":"closed","template":"","meta":{"footnotes":""},"_links":{"self":[{"href":"https:\/\/laiblova.pdstudios.cz\/en\/wp-json\/wp\/v2\/pages\/2"}],"collection":[{"href":"https:\/\/laiblova.pdstudios.cz\/en\/wp-json\/wp\/v2\/pages"}],"about":[{"href":"https:\/\/laiblova.pdstudios.cz\/en\/wp-json\/wp\/v2\/types\/page"}],"author":[{"embeddable":true,"href":"https:\/\/laiblova.pdstudios.cz\/en\/wp-json\/wp\/v2\/users\/1"}],"replies":[{"embeddable":true,"href":"https:\/\/laiblova.pdstudios.cz\/en\/wp-json\/wp\/v2\/comments?post=2"}],"version-history":[{"count":5,"href":"https:\/\/laiblova.pdstudios.cz\/en\/wp-json\/wp\/v2\/pages\/2\/revisions"}],"predecessor-version":[{"id":34,"href":"https:\/\/laiblova.pdstudios.cz\/en\/wp-json\/wp\/v2\/pages\/2\/revisions\/34"}],"wp:attachment":[{"href":"https:\/\/laiblova.pdstudios.cz\/en\/wp-json\/wp\/v2\/media?parent=2"}],"curies":[{"name":"wp","href":"https:\/\/api.w.org\/{rel}","templated":true}]}}